{"id":16684,"date":"2024-11-06T11:45:31","date_gmt":"2024-11-06T11:45:31","guid":{"rendered":"https:\/\/kroneroil.com\/product\/non%20class\u00e9\/orion-thpd-ck4-10w-40\/"},"modified":"2025-05-08T12:56:51","modified_gmt":"2025-05-08T12:56:51","slug":"orion-thpd-ck4-10w-40","status":"publish","type":"product","link":"https:\/\/kroneroil.com\/fr\/product\/vehicules-lourds\/100-synthetiques-semi-synthetiques\/orion-thpd-ck4-10w-40\/","title":{"rendered":"Orion THPD CK4 10W-40"},"content":{"rendered":"<p><!--DESCRIPCI\u00d3N CORTA M\u00d3VIL--><\/p>\n<h6><a href=\"https:\/\/kroneroil.com\/wp-content\/uploads\/2024\/08\/FDS_KRONER_ORION_THPD_CK-4_10W40_ES.pdf\" target=\"_blank\">FICHE DE DONN\u00c9ES DE S\u00c9CURIT\u00c9<\/a><\/h6>\n<h6><a href=\"https:\/\/kroneroil.com\/wp-content\/uploads\/2024\/08\/KRONER_ORION_THPD_CK-4_10W40_p.pdf\" target=\"_blank\">FICHE TECHNIQUE<\/a><\/h6>\n","protected":false},"excerpt":{"rendered":"<p>Lubrifiant ACEA E9 Low SAPS pour moteurs Euro V\/VI avec syst\u00e8mes de r\u00e9duction des \u00e9missions tels que DPF, EGR et SCR. Id\u00e9al pour les camions, les v\u00e9hicules commerciaux et les machines, il offre une longue dur\u00e9e de vie, une protection anticorrosion et un faible impact environnemental.<\/p>\n","protected":false},"featured_media":16582,"comment_status":"open","ping_status":"closed","template":"","meta":{"_acf_changed":false},"product_brand":[],"product_cat":[470,471],"product_tag":[],"class_list":{"0":"post-16684","1":"product","2":"type-product","3":"status-publish","4":"has-post-thumbnail","6":"product_cat-vehicules-lourds","7":"product_cat-100-synthetiques-semi-synthetiques","9":"first","10":"instock","11":"shipping-taxable","12":"product-type-simple"},"acf":[],"yoast_head":"<!-- This site is optimized with the Yoast SEO plugin v27.4 - https:\/\/yoast.com\/product\/yoast-seo-wordpress\/ -->\n<title>Orion THPD CK4 10W-40 - Kroner Oil<\/title>\n<meta name=\"robots\" content=\"index, follow, max-snippet:-1, max-image-preview:large, max-video-preview:-1\" \/>\n<link rel=\"canonical\" href=\"https:\/\/kroneroil.com\/fr\/product\/vehicules-lourds\/100-synthetiques-semi-synthetiques\/orion-thpd-ck4-10w-40\/\" \/>\n<meta property=\"og:locale\" content=\"fr_FR\" \/>\n<meta property=\"og:type\" content=\"article\" \/>\n<meta property=\"og:title\" content=\"Orion THPD CK4 10W-40 - Kroner Oil\" \/>\n<meta property=\"og:description\" content=\"Lubrifiant ACEA E9 Low SAPS pour moteurs Euro V\/VI avec syst\u00e8mes de r\u00e9duction des \u00e9missions tels que DPF, EGR et SCR. Id\u00e9al pour les camions, les v\u00e9hicules commerciaux et les machines, il offre une longue dur\u00e9e de vie, une protection anticorrosion et un faible impact environnemental.\" \/>\n<meta property=\"og:url\" content=\"https:\/\/kroneroil.com\/fr\/product\/vehicules-lourds\/100-synthetiques-semi-synthetiques\/orion-thpd-ck4-10w-40\/\" \/>\n<meta property=\"og:site_name\" content=\"Kroner Oil\" \/>\n<meta property=\"article:modified_time\" content=\"2025-05-08T12:56:51+00:00\" \/>\n<meta property=\"og:image\" content=\"https:\/\/kroneroil.com\/wp-content\/uploads\/2024\/08\/envase-20-litro-lubricante-e1743080277334.png\" \/>\n\t<meta property=\"og:image:width\" content=\"450\" \/>\n\t<meta property=\"og:image:height\" content=\"509\" \/>\n\t<meta property=\"og:image:type\" content=\"image\/png\" \/>\n<meta name=\"twitter:card\" content=\"summary_large_image\" \/>\n<meta name=\"twitter:label1\" content=\"Dur\u00e9e de lecture estim\u00e9e\" \/>\n\t<meta name=\"twitter:data1\" content=\"1 minute\" \/>\n<script type=\"application\/ld+json\" class=\"yoast-schema-graph\">{\"@context\":\"https:\\\/\\\/schema.org\",\"@graph\":[{\"@type\":\"WebPage\",\"@id\":\"https:\\\/\\\/kroneroil.com\\\/fr\\\/product\\\/vehicules-lourds\\\/100-synthetiques-semi-synthetiques\\\/orion-thpd-ck4-10w-40\\\/\",\"url\":\"https:\\\/\\\/kroneroil.com\\\/fr\\\/product\\\/vehicules-lourds\\\/100-synthetiques-semi-synthetiques\\\/orion-thpd-ck4-10w-40\\\/\",\"name\":\"Orion THPD CK4 10W-40 - Kroner Oil\",\"isPartOf\":{\"@id\":\"https:\\\/\\\/kroneroil.com\\\/fr\\\/#website\"},\"primaryImageOfPage\":{\"@id\":\"https:\\\/\\\/kroneroil.com\\\/fr\\\/product\\\/vehicules-lourds\\\/100-synthetiques-semi-synthetiques\\\/orion-thpd-ck4-10w-40\\\/#primaryimage\"},\"image\":{\"@id\":\"https:\\\/\\\/kroneroil.com\\\/fr\\\/product\\\/vehicules-lourds\\\/100-synthetiques-semi-synthetiques\\\/orion-thpd-ck4-10w-40\\\/#primaryimage\"},\"thumbnailUrl\":\"https:\\\/\\\/kroneroil.com\\\/wp-content\\\/uploads\\\/2024\\\/08\\\/envase-20-litro-lubricante-e1743080277334.png\",\"datePublished\":\"2024-11-06T11:45:31+00:00\",\"dateModified\":\"2025-05-08T12:56:51+00:00\",\"breadcrumb\":{\"@id\":\"https:\\\/\\\/kroneroil.com\\\/fr\\\/product\\\/vehicules-lourds\\\/100-synthetiques-semi-synthetiques\\\/orion-thpd-ck4-10w-40\\\/#breadcrumb\"},\"inLanguage\":\"fr-FR\",\"potentialAction\":[{\"@type\":\"ReadAction\",\"target\":[\"https:\\\/\\\/kroneroil.com\\\/fr\\\/product\\\/vehicules-lourds\\\/100-synthetiques-semi-synthetiques\\\/orion-thpd-ck4-10w-40\\\/\"]}]},{\"@type\":\"ImageObject\",\"inLanguage\":\"fr-FR\",\"@id\":\"https:\\\/\\\/kroneroil.com\\\/fr\\\/product\\\/vehicules-lourds\\\/100-synthetiques-semi-synthetiques\\\/orion-thpd-ck4-10w-40\\\/#primaryimage\",\"url\":\"https:\\\/\\\/kroneroil.com\\\/wp-content\\\/uploads\\\/2024\\\/08\\\/envase-20-litro-lubricante-e1743080277334.png\",\"contentUrl\":\"https:\\\/\\\/kroneroil.com\\\/wp-content\\\/uploads\\\/2024\\\/08\\\/envase-20-litro-lubricante-e1743080277334.png\",\"width\":450,\"height\":509},{\"@type\":\"BreadcrumbList\",\"@id\":\"https:\\\/\\\/kroneroil.com\\\/fr\\\/product\\\/vehicules-lourds\\\/100-synthetiques-semi-synthetiques\\\/orion-thpd-ck4-10w-40\\\/#breadcrumb\",\"itemListElement\":[{\"@type\":\"ListItem\",\"position\":1,\"name\":\"Portada\",\"item\":\"https:\\\/\\\/kroneroil.com\\\/fr\\\/\"},{\"@type\":\"ListItem\",\"position\":2,\"name\":\"Priv\u00e9\u00a0: Boutique\",\"item\":\"https:\\\/\\\/kroneroil.com\\\/fr\\\/?page_id=16657\"},{\"@type\":\"ListItem\",\"position\":3,\"name\":\"Orion THPD CK4 10W-40\"}]},{\"@type\":\"WebSite\",\"@id\":\"https:\\\/\\\/kroneroil.com\\\/fr\\\/#website\",\"url\":\"https:\\\/\\\/kroneroil.com\\\/fr\\\/\",\"name\":\"Kroner Oil\",\"description\":\"Kroner site\",\"potentialAction\":[{\"@type\":\"SearchAction\",\"target\":{\"@type\":\"EntryPoint\",\"urlTemplate\":\"https:\\\/\\\/kroneroil.com\\\/fr\\\/?s={search_term_string}\"},\"query-input\":{\"@type\":\"PropertyValueSpecification\",\"valueRequired\":true,\"valueName\":\"search_term_string\"}}],\"inLanguage\":\"fr-FR\"}]}<\/script>\n<!-- \/ Yoast SEO plugin. -->","yoast_head_json":{"title":"Orion THPD CK4 10W-40 - Kroner Oil","robots":{"index":"index","follow":"follow","max-snippet":"max-snippet:-1","max-image-preview":"max-image-preview:large","max-video-preview":"max-video-preview:-1"},"canonical":"https:\/\/kroneroil.com\/fr\/product\/vehicules-lourds\/100-synthetiques-semi-synthetiques\/orion-thpd-ck4-10w-40\/","og_locale":"fr_FR","og_type":"article","og_title":"Orion THPD CK4 10W-40 - Kroner Oil","og_description":"Lubrifiant ACEA E9 Low SAPS pour moteurs Euro V\/VI avec syst\u00e8mes de r\u00e9duction des \u00e9missions tels que DPF, EGR et SCR. Id\u00e9al pour les camions, les v\u00e9hicules commerciaux et les machines, il offre une longue dur\u00e9e de vie, une protection anticorrosion et un faible impact environnemental.","og_url":"https:\/\/kroneroil.com\/fr\/product\/vehicules-lourds\/100-synthetiques-semi-synthetiques\/orion-thpd-ck4-10w-40\/","og_site_name":"Kroner Oil","article_modified_time":"2025-05-08T12:56:51+00:00","og_image":[{"width":450,"height":509,"url":"https:\/\/kroneroil.com\/wp-content\/uploads\/2024\/08\/envase-20-litro-lubricante-e1743080277334.png","type":"image\/png"}],"twitter_card":"summary_large_image","twitter_misc":{"Dur\u00e9e de lecture estim\u00e9e":"1 minute"},"schema":{"@context":"https:\/\/schema.org","@graph":[{"@type":"WebPage","@id":"https:\/\/kroneroil.com\/fr\/product\/vehicules-lourds\/100-synthetiques-semi-synthetiques\/orion-thpd-ck4-10w-40\/","url":"https:\/\/kroneroil.com\/fr\/product\/vehicules-lourds\/100-synthetiques-semi-synthetiques\/orion-thpd-ck4-10w-40\/","name":"Orion THPD CK4 10W-40 - Kroner Oil","isPartOf":{"@id":"https:\/\/kroneroil.com\/fr\/#website"},"primaryImageOfPage":{"@id":"https:\/\/kroneroil.com\/fr\/product\/vehicules-lourds\/100-synthetiques-semi-synthetiques\/orion-thpd-ck4-10w-40\/#primaryimage"},"image":{"@id":"https:\/\/kroneroil.com\/fr\/product\/vehicules-lourds\/100-synthetiques-semi-synthetiques\/orion-thpd-ck4-10w-40\/#primaryimage"},"thumbnailUrl":"https:\/\/kroneroil.com\/wp-content\/uploads\/2024\/08\/envase-20-litro-lubricante-e1743080277334.png","datePublished":"2024-11-06T11:45:31+00:00","dateModified":"2025-05-08T12:56:51+00:00","breadcrumb":{"@id":"https:\/\/kroneroil.com\/fr\/product\/vehicules-lourds\/100-synthetiques-semi-synthetiques\/orion-thpd-ck4-10w-40\/#breadcrumb"},"inLanguage":"fr-FR","potentialAction":[{"@type":"ReadAction","target":["https:\/\/kroneroil.com\/fr\/product\/vehicules-lourds\/100-synthetiques-semi-synthetiques\/orion-thpd-ck4-10w-40\/"]}]},{"@type":"ImageObject","inLanguage":"fr-FR","@id":"https:\/\/kroneroil.com\/fr\/product\/vehicules-lourds\/100-synthetiques-semi-synthetiques\/orion-thpd-ck4-10w-40\/#primaryimage","url":"https:\/\/kroneroil.com\/wp-content\/uploads\/2024\/08\/envase-20-litro-lubricante-e1743080277334.png","contentUrl":"https:\/\/kroneroil.com\/wp-content\/uploads\/2024\/08\/envase-20-litro-lubricante-e1743080277334.png","width":450,"height":509},{"@type":"BreadcrumbList","@id":"https:\/\/kroneroil.com\/fr\/product\/vehicules-lourds\/100-synthetiques-semi-synthetiques\/orion-thpd-ck4-10w-40\/#breadcrumb","itemListElement":[{"@type":"ListItem","position":1,"name":"Portada","item":"https:\/\/kroneroil.com\/fr\/"},{"@type":"ListItem","position":2,"name":"Priv\u00e9\u00a0: Boutique","item":"https:\/\/kroneroil.com\/fr\/?page_id=16657"},{"@type":"ListItem","position":3,"name":"Orion THPD CK4 10W-40"}]},{"@type":"WebSite","@id":"https:\/\/kroneroil.com\/fr\/#website","url":"https:\/\/kroneroil.com\/fr\/","name":"Kroner Oil","description":"Kroner site","potentialAction":[{"@type":"SearchAction","target":{"@type":"EntryPoint","urlTemplate":"https:\/\/kroneroil.com\/fr\/?s={search_term_string}"},"query-input":{"@type":"PropertyValueSpecification","valueRequired":true,"valueName":"search_term_string"}}],"inLanguage":"fr-FR"}]}},"_links":{"self":[{"href":"https:\/\/kroneroil.com\/fr\/wp-json\/wp\/v2\/product\/16684","targetHints":{"allow":["GET"]}}],"collection":[{"href":"https:\/\/kroneroil.com\/fr\/wp-json\/wp\/v2\/product"}],"about":[{"href":"https:\/\/kroneroil.com\/fr\/wp-json\/wp\/v2\/types\/product"}],"replies":[{"embeddable":true,"href":"https:\/\/kroneroil.com\/fr\/wp-json\/wp\/v2\/comments?post=16684"}],"version-history":[{"count":2,"href":"https:\/\/kroneroil.com\/fr\/wp-json\/wp\/v2\/product\/16684\/revisions"}],"predecessor-version":[{"id":20165,"href":"https:\/\/kroneroil.com\/fr\/wp-json\/wp\/v2\/product\/16684\/revisions\/20165"}],"wp:featuredmedia":[{"embeddable":true,"href":"https:\/\/kroneroil.com\/fr\/wp-json\/wp\/v2\/media\/16582"}],"wp:attachment":[{"href":"https:\/\/kroneroil.com\/fr\/wp-json\/wp\/v2\/media?parent=16684"}],"wp:term":[{"taxonomy":"product_brand","embeddable":true,"href":"https:\/\/kroneroil.com\/fr\/wp-json\/wp\/v2\/product_brand?post=16684"},{"taxonomy":"product_cat","embeddable":true,"href":"https:\/\/kroneroil.com\/fr\/wp-json\/wp\/v2\/product_cat?post=16684"},{"taxonomy":"product_tag","embeddable":true,"href":"https:\/\/kroneroil.com\/fr\/wp-json\/wp\/v2\/product_tag?post=16684"}],"curies":[{"name":"wp","href":"https:\/\/api.w.org\/{rel}","templated":true}]}}