{"id":16723,"date":"2024-08-30T11:00:39","date_gmt":"2024-08-30T11:00:39","guid":{"rendered":"https:\/\/kroneroil.com\/product\/non%20class\u00e9\/katnilus-tdto-50\/"},"modified":"2025-05-08T12:53:19","modified_gmt":"2025-05-08T12:53:19","slug":"katnilus-tdto-50","status":"publish","type":"product","link":"https:\/\/kroneroil.com\/fr\/product\/vehicules-lourds\/machines-travail\/katnilus-tdto-50\/","title":{"rendered":"Katnilus TDTO 50"},"content":{"rendered":"<p><!--DESCRIPCI\u00d3N CORTA M\u00d3VIL--><\/p>\n<h6><a href=\"https:\/\/kroneroil.com\/wp-content\/uploads\/2024\/08\/FDS_KRONER_KATNILUS_TDTO_50_ES.pdf\" target=\"_blank\">FICHE DE DONN\u00c9ES DE S\u00c9CURIT\u00c9<\/a><\/h6>\n<h6><a href=\"https:\/\/kroneroil.com\/wp-content\/uploads\/2024\/08\/KRONER_KATNILUS_TDTO_10W-30W-50W_p.pdf\" target=\"_blank\">FICHE TECHNIQUE<\/a><\/h6>\n","protected":false},"excerpt":{"rendered":"<p>Huile min\u00e9rale monograde pour transmissions et syst\u00e8mes hydrauliques des \u00e9quipements Caterpillar et Komatsu. Compatible avec SAE 10W et 30.<\/p>\n","protected":false},"featured_media":16582,"comment_status":"open","ping_status":"closed","template":"","meta":{"_acf_changed":false},"product_brand":[],"product_cat":[473,470],"product_tag":[],"class_list":{"0":"post-16723","1":"product","2":"type-product","3":"status-publish","4":"has-post-thumbnail","6":"product_cat-machines-travail","7":"product_cat-vehicules-lourds","9":"first","10":"instock","11":"shipping-taxable","12":"product-type-simple"},"acf":[],"yoast_head":"<!-- This site is optimized with the Yoast SEO plugin v27.4 - https:\/\/yoast.com\/product\/yoast-seo-wordpress\/ -->\n<title>Katnilus TDTO 50 - Kroner Oil<\/title>\n<meta name=\"robots\" content=\"index, follow, max-snippet:-1, max-image-preview:large, max-video-preview:-1\" \/>\n<link rel=\"canonical\" href=\"https:\/\/kroneroil.com\/fr\/product\/vehicules-lourds\/machines-travail\/katnilus-tdto-50\/\" \/>\n<meta property=\"og:locale\" content=\"fr_FR\" \/>\n<meta property=\"og:type\" content=\"article\" \/>\n<meta property=\"og:title\" content=\"Katnilus TDTO 50 - Kroner Oil\" \/>\n<meta property=\"og:description\" content=\"Huile min\u00e9rale monograde pour transmissions et syst\u00e8mes hydrauliques des \u00e9quipements Caterpillar et Komatsu. Compatible avec SAE 10W et 30.\" \/>\n<meta property=\"og:url\" content=\"https:\/\/kroneroil.com\/fr\/product\/vehicules-lourds\/machines-travail\/katnilus-tdto-50\/\" \/>\n<meta property=\"og:site_name\" content=\"Kroner Oil\" \/>\n<meta property=\"article:modified_time\" content=\"2025-05-08T12:53:19+00:00\" \/>\n<meta property=\"og:image\" content=\"https:\/\/kroneroil.com\/wp-content\/uploads\/2024\/08\/envase-20-litro-lubricante-e1743080277334.png\" \/>\n\t<meta property=\"og:image:width\" content=\"450\" \/>\n\t<meta property=\"og:image:height\" content=\"509\" \/>\n\t<meta property=\"og:image:type\" content=\"image\/png\" \/>\n<meta name=\"twitter:card\" content=\"summary_large_image\" \/>\n<meta name=\"twitter:label1\" content=\"Dur\u00e9e de lecture estim\u00e9e\" \/>\n\t<meta name=\"twitter:data1\" content=\"1 minute\" \/>\n<script type=\"application\/ld+json\" class=\"yoast-schema-graph\">{\"@context\":\"https:\\\/\\\/schema.org\",\"@graph\":[{\"@type\":\"WebPage\",\"@id\":\"https:\\\/\\\/kroneroil.com\\\/fr\\\/product\\\/vehicules-lourds\\\/machines-travail\\\/katnilus-tdto-50\\\/\",\"url\":\"https:\\\/\\\/kroneroil.com\\\/fr\\\/product\\\/vehicules-lourds\\\/machines-travail\\\/katnilus-tdto-50\\\/\",\"name\":\"Katnilus TDTO 50 - Kroner Oil\",\"isPartOf\":{\"@id\":\"https:\\\/\\\/kroneroil.com\\\/fr\\\/#website\"},\"primaryImageOfPage\":{\"@id\":\"https:\\\/\\\/kroneroil.com\\\/fr\\\/product\\\/vehicules-lourds\\\/machines-travail\\\/katnilus-tdto-50\\\/#primaryimage\"},\"image\":{\"@id\":\"https:\\\/\\\/kroneroil.com\\\/fr\\\/product\\\/vehicules-lourds\\\/machines-travail\\\/katnilus-tdto-50\\\/#primaryimage\"},\"thumbnailUrl\":\"https:\\\/\\\/kroneroil.com\\\/wp-content\\\/uploads\\\/2024\\\/08\\\/envase-20-litro-lubricante-e1743080277334.png\",\"datePublished\":\"2024-08-30T11:00:39+00:00\",\"dateModified\":\"2025-05-08T12:53:19+00:00\",\"breadcrumb\":{\"@id\":\"https:\\\/\\\/kroneroil.com\\\/fr\\\/product\\\/vehicules-lourds\\\/machines-travail\\\/katnilus-tdto-50\\\/#breadcrumb\"},\"inLanguage\":\"fr-FR\",\"potentialAction\":[{\"@type\":\"ReadAction\",\"target\":[\"https:\\\/\\\/kroneroil.com\\\/fr\\\/product\\\/vehicules-lourds\\\/machines-travail\\\/katnilus-tdto-50\\\/\"]}]},{\"@type\":\"ImageObject\",\"inLanguage\":\"fr-FR\",\"@id\":\"https:\\\/\\\/kroneroil.com\\\/fr\\\/product\\\/vehicules-lourds\\\/machines-travail\\\/katnilus-tdto-50\\\/#primaryimage\",\"url\":\"https:\\\/\\\/kroneroil.com\\\/wp-content\\\/uploads\\\/2024\\\/08\\\/envase-20-litro-lubricante-e1743080277334.png\",\"contentUrl\":\"https:\\\/\\\/kroneroil.com\\\/wp-content\\\/uploads\\\/2024\\\/08\\\/envase-20-litro-lubricante-e1743080277334.png\",\"width\":450,\"height\":509},{\"@type\":\"BreadcrumbList\",\"@id\":\"https:\\\/\\\/kroneroil.com\\\/fr\\\/product\\\/vehicules-lourds\\\/machines-travail\\\/katnilus-tdto-50\\\/#breadcrumb\",\"itemListElement\":[{\"@type\":\"ListItem\",\"position\":1,\"name\":\"Portada\",\"item\":\"https:\\\/\\\/kroneroil.com\\\/fr\\\/\"},{\"@type\":\"ListItem\",\"position\":2,\"name\":\"Priv\u00e9\u00a0: Boutique\",\"item\":\"https:\\\/\\\/kroneroil.com\\\/fr\\\/?page_id=16657\"},{\"@type\":\"ListItem\",\"position\":3,\"name\":\"Katnilus TDTO 50\"}]},{\"@type\":\"WebSite\",\"@id\":\"https:\\\/\\\/kroneroil.com\\\/fr\\\/#website\",\"url\":\"https:\\\/\\\/kroneroil.com\\\/fr\\\/\",\"name\":\"Kroner Oil\",\"description\":\"Kroner site\",\"potentialAction\":[{\"@type\":\"SearchAction\",\"target\":{\"@type\":\"EntryPoint\",\"urlTemplate\":\"https:\\\/\\\/kroneroil.com\\\/fr\\\/?s={search_term_string}\"},\"query-input\":{\"@type\":\"PropertyValueSpecification\",\"valueRequired\":true,\"valueName\":\"search_term_string\"}}],\"inLanguage\":\"fr-FR\"}]}<\/script>\n<!-- \/ Yoast SEO plugin. -->","yoast_head_json":{"title":"Katnilus TDTO 50 - Kroner Oil","robots":{"index":"index","follow":"follow","max-snippet":"max-snippet:-1","max-image-preview":"max-image-preview:large","max-video-preview":"max-video-preview:-1"},"canonical":"https:\/\/kroneroil.com\/fr\/product\/vehicules-lourds\/machines-travail\/katnilus-tdto-50\/","og_locale":"fr_FR","og_type":"article","og_title":"Katnilus TDTO 50 - Kroner Oil","og_description":"Huile min\u00e9rale monograde pour transmissions et syst\u00e8mes hydrauliques des \u00e9quipements Caterpillar et Komatsu. Compatible avec SAE 10W et 30.","og_url":"https:\/\/kroneroil.com\/fr\/product\/vehicules-lourds\/machines-travail\/katnilus-tdto-50\/","og_site_name":"Kroner Oil","article_modified_time":"2025-05-08T12:53:19+00:00","og_image":[{"width":450,"height":509,"url":"https:\/\/kroneroil.com\/wp-content\/uploads\/2024\/08\/envase-20-litro-lubricante-e1743080277334.png","type":"image\/png"}],"twitter_card":"summary_large_image","twitter_misc":{"Dur\u00e9e de lecture estim\u00e9e":"1 minute"},"schema":{"@context":"https:\/\/schema.org","@graph":[{"@type":"WebPage","@id":"https:\/\/kroneroil.com\/fr\/product\/vehicules-lourds\/machines-travail\/katnilus-tdto-50\/","url":"https:\/\/kroneroil.com\/fr\/product\/vehicules-lourds\/machines-travail\/katnilus-tdto-50\/","name":"Katnilus TDTO 50 - Kroner Oil","isPartOf":{"@id":"https:\/\/kroneroil.com\/fr\/#website"},"primaryImageOfPage":{"@id":"https:\/\/kroneroil.com\/fr\/product\/vehicules-lourds\/machines-travail\/katnilus-tdto-50\/#primaryimage"},"image":{"@id":"https:\/\/kroneroil.com\/fr\/product\/vehicules-lourds\/machines-travail\/katnilus-tdto-50\/#primaryimage"},"thumbnailUrl":"https:\/\/kroneroil.com\/wp-content\/uploads\/2024\/08\/envase-20-litro-lubricante-e1743080277334.png","datePublished":"2024-08-30T11:00:39+00:00","dateModified":"2025-05-08T12:53:19+00:00","breadcrumb":{"@id":"https:\/\/kroneroil.com\/fr\/product\/vehicules-lourds\/machines-travail\/katnilus-tdto-50\/#breadcrumb"},"inLanguage":"fr-FR","potentialAction":[{"@type":"ReadAction","target":["https:\/\/kroneroil.com\/fr\/product\/vehicules-lourds\/machines-travail\/katnilus-tdto-50\/"]}]},{"@type":"ImageObject","inLanguage":"fr-FR","@id":"https:\/\/kroneroil.com\/fr\/product\/vehicules-lourds\/machines-travail\/katnilus-tdto-50\/#primaryimage","url":"https:\/\/kroneroil.com\/wp-content\/uploads\/2024\/08\/envase-20-litro-lubricante-e1743080277334.png","contentUrl":"https:\/\/kroneroil.com\/wp-content\/uploads\/2024\/08\/envase-20-litro-lubricante-e1743080277334.png","width":450,"height":509},{"@type":"BreadcrumbList","@id":"https:\/\/kroneroil.com\/fr\/product\/vehicules-lourds\/machines-travail\/katnilus-tdto-50\/#breadcrumb","itemListElement":[{"@type":"ListItem","position":1,"name":"Portada","item":"https:\/\/kroneroil.com\/fr\/"},{"@type":"ListItem","position":2,"name":"Priv\u00e9\u00a0: Boutique","item":"https:\/\/kroneroil.com\/fr\/?page_id=16657"},{"@type":"ListItem","position":3,"name":"Katnilus TDTO 50"}]},{"@type":"WebSite","@id":"https:\/\/kroneroil.com\/fr\/#website","url":"https:\/\/kroneroil.com\/fr\/","name":"Kroner Oil","description":"Kroner site","potentialAction":[{"@type":"SearchAction","target":{"@type":"EntryPoint","urlTemplate":"https:\/\/kroneroil.com\/fr\/?s={search_term_string}"},"query-input":{"@type":"PropertyValueSpecification","valueRequired":true,"valueName":"search_term_string"}}],"inLanguage":"fr-FR"}]}},"_links":{"self":[{"href":"https:\/\/kroneroil.com\/fr\/wp-json\/wp\/v2\/product\/16723","targetHints":{"allow":["GET"]}}],"collection":[{"href":"https:\/\/kroneroil.com\/fr\/wp-json\/wp\/v2\/product"}],"about":[{"href":"https:\/\/kroneroil.com\/fr\/wp-json\/wp\/v2\/types\/product"}],"replies":[{"embeddable":true,"href":"https:\/\/kroneroil.com\/fr\/wp-json\/wp\/v2\/comments?post=16723"}],"version-history":[{"count":2,"href":"https:\/\/kroneroil.com\/fr\/wp-json\/wp\/v2\/product\/16723\/revisions"}],"predecessor-version":[{"id":20107,"href":"https:\/\/kroneroil.com\/fr\/wp-json\/wp\/v2\/product\/16723\/revisions\/20107"}],"wp:featuredmedia":[{"embeddable":true,"href":"https:\/\/kroneroil.com\/fr\/wp-json\/wp\/v2\/media\/16582"}],"wp:attachment":[{"href":"https:\/\/kroneroil.com\/fr\/wp-json\/wp\/v2\/media?parent=16723"}],"wp:term":[{"taxonomy":"product_brand","embeddable":true,"href":"https:\/\/kroneroil.com\/fr\/wp-json\/wp\/v2\/product_brand?post=16723"},{"taxonomy":"product_cat","embeddable":true,"href":"https:\/\/kroneroil.com\/fr\/wp-json\/wp\/v2\/product_cat?post=16723"},{"taxonomy":"product_tag","embeddable":true,"href":"https:\/\/kroneroil.com\/fr\/wp-json\/wp\/v2\/product_tag?post=16723"}],"curies":[{"name":"wp","href":"https:\/\/api.w.org\/{rel}","templated":true}]}}