{"id":18434,"date":"2025-01-16T08:17:28","date_gmt":"2025-01-16T08:17:28","guid":{"rendered":"https:\/\/kroneroil.com\/product\/non%20class\u00e9\/kash-racing-c3-dexos-5w-30\/"},"modified":"2025-04-14T08:02:21","modified_gmt":"2025-04-14T08:02:21","slug":"kash-racing-c3-dexos-5w-30","status":"publish","type":"product","link":"https:\/\/kroneroil.com\/fr\/product\/vehicules-legers\/100-synthetiques\/kash-racing-c3-dexos-5w-30\/","title":{"rendered":"Kash Racing C3 DEXOS 5W-30"},"content":{"rendered":"<p>&#8220;<!--DESCRIPCI\u00d3N CORTA M\u00d3VIL --><\/p>\n<h6><a href=\"https:\/\/kroneroil.com\/wp-content\/uploads\/2025\/01\/KRONER_KASH_RACING_C3_DEXOS_5W30_p.pdf\" target=\"_blank\">DONN\u00c9ES TECHNIQUES<\/a><\/h6>\n<h6><a href=\"https:\/\/kroneroil.com\/wp-content\/uploads\/2025\/01\/FDS_KRONER_KASH_RACING_C3_DEXOS_5W30_ES.pdf\" target=\"_blank\">FICHE DE DONN\u00c9ES DE S\u00c9CURIT\u00c9<\/a><\/h6>\n","protected":false},"excerpt":{"rendered":"<p>Huile moteur enti\u00e8rement synth\u00e9tique de derni\u00e8re g\u00e9n\u00e9ration con\u00e7ue pour les moteurs \u00e0 essence et diesel, avec une tr\u00e8s faible viscosit\u00e9 et une \u00e9conomie de carburant \u00e9lev\u00e9e. Convient aux v\u00e9hicules \u00e9quip\u00e9s de filtres \u00e0 particules diesel (FAP) n\u00e9cessitant des lubrifiants \u00e0 faible viscosit\u00e9 et \u00ab Mid SAPS \u00bb.<\/p>\n","protected":false},"featured_media":15848,"comment_status":"open","ping_status":"closed","template":"","meta":{"_acf_changed":false},"product_brand":[],"product_cat":[395,514],"product_tag":[],"class_list":{"0":"post-18434","1":"product","2":"type-product","3":"status-publish","4":"has-post-thumbnail","6":"product_cat-vehicules-legers","7":"product_cat-100-synthetiques","9":"first","10":"instock","11":"shipping-taxable","12":"product-type-simple"},"acf":[],"yoast_head":"<!-- This site is optimized with the Yoast SEO plugin v27.4 - https:\/\/yoast.com\/product\/yoast-seo-wordpress\/ -->\n<title>Kash Racing C3 DEXOS 5W-30 - Kroner Oil<\/title>\n<meta name=\"robots\" content=\"index, follow, max-snippet:-1, max-image-preview:large, max-video-preview:-1\" \/>\n<link rel=\"canonical\" href=\"https:\/\/kroneroil.com\/fr\/product\/vehicules-legers\/100-synthetiques\/kash-racing-c3-dexos-5w-30\/\" \/>\n<meta property=\"og:locale\" content=\"fr_FR\" \/>\n<meta property=\"og:type\" content=\"article\" \/>\n<meta property=\"og:title\" content=\"Kash Racing C3 DEXOS 5W-30 - Kroner Oil\" \/>\n<meta property=\"og:description\" content=\"Huile moteur enti\u00e8rement synth\u00e9tique de derni\u00e8re g\u00e9n\u00e9ration con\u00e7ue pour les moteurs \u00e0 essence et diesel, avec une tr\u00e8s faible viscosit\u00e9 et une \u00e9conomie de carburant \u00e9lev\u00e9e. Convient aux v\u00e9hicules \u00e9quip\u00e9s de filtres \u00e0 particules diesel (FAP) n\u00e9cessitant des lubrifiants \u00e0 faible viscosit\u00e9 et \u00ab Mid SAPS \u00bb.\" \/>\n<meta property=\"og:url\" content=\"https:\/\/kroneroil.com\/fr\/product\/vehicules-legers\/100-synthetiques\/kash-racing-c3-dexos-5w-30\/\" \/>\n<meta property=\"og:site_name\" content=\"Kroner Oil\" \/>\n<meta property=\"article:modified_time\" content=\"2025-04-14T08:02:21+00:00\" \/>\n<meta property=\"og:image\" content=\"https:\/\/kroneroil.com\/wp-content\/uploads\/2024\/06\/envase-20-litro-lubricante.png\" \/>\n\t<meta property=\"og:image:width\" content=\"450\" \/>\n\t<meta property=\"og:image:height\" content=\"572\" \/>\n\t<meta property=\"og:image:type\" content=\"image\/png\" \/>\n<meta name=\"twitter:card\" content=\"summary_large_image\" \/>\n<meta name=\"twitter:label1\" content=\"Dur\u00e9e de lecture estim\u00e9e\" \/>\n\t<meta name=\"twitter:data1\" content=\"1 minute\" \/>\n<script type=\"application\/ld+json\" class=\"yoast-schema-graph\">{\"@context\":\"https:\\\/\\\/schema.org\",\"@graph\":[{\"@type\":\"WebPage\",\"@id\":\"https:\\\/\\\/kroneroil.com\\\/fr\\\/product\\\/vehicules-legers\\\/100-synthetiques\\\/kash-racing-c3-dexos-5w-30\\\/\",\"url\":\"https:\\\/\\\/kroneroil.com\\\/fr\\\/product\\\/vehicules-legers\\\/100-synthetiques\\\/kash-racing-c3-dexos-5w-30\\\/\",\"name\":\"Kash Racing C3 DEXOS 5W-30 - Kroner Oil\",\"isPartOf\":{\"@id\":\"https:\\\/\\\/kroneroil.com\\\/fr\\\/#website\"},\"primaryImageOfPage\":{\"@id\":\"https:\\\/\\\/kroneroil.com\\\/fr\\\/product\\\/vehicules-legers\\\/100-synthetiques\\\/kash-racing-c3-dexos-5w-30\\\/#primaryimage\"},\"image\":{\"@id\":\"https:\\\/\\\/kroneroil.com\\\/fr\\\/product\\\/vehicules-legers\\\/100-synthetiques\\\/kash-racing-c3-dexos-5w-30\\\/#primaryimage\"},\"thumbnailUrl\":\"https:\\\/\\\/kroneroil.com\\\/wp-content\\\/uploads\\\/2024\\\/06\\\/envase-20-litro-lubricante.png\",\"datePublished\":\"2025-01-16T08:17:28+00:00\",\"dateModified\":\"2025-04-14T08:02:21+00:00\",\"breadcrumb\":{\"@id\":\"https:\\\/\\\/kroneroil.com\\\/fr\\\/product\\\/vehicules-legers\\\/100-synthetiques\\\/kash-racing-c3-dexos-5w-30\\\/#breadcrumb\"},\"inLanguage\":\"fr-FR\",\"potentialAction\":[{\"@type\":\"ReadAction\",\"target\":[\"https:\\\/\\\/kroneroil.com\\\/fr\\\/product\\\/vehicules-legers\\\/100-synthetiques\\\/kash-racing-c3-dexos-5w-30\\\/\"]}]},{\"@type\":\"ImageObject\",\"inLanguage\":\"fr-FR\",\"@id\":\"https:\\\/\\\/kroneroil.com\\\/fr\\\/product\\\/vehicules-legers\\\/100-synthetiques\\\/kash-racing-c3-dexos-5w-30\\\/#primaryimage\",\"url\":\"https:\\\/\\\/kroneroil.com\\\/wp-content\\\/uploads\\\/2024\\\/06\\\/envase-20-litro-lubricante.png\",\"contentUrl\":\"https:\\\/\\\/kroneroil.com\\\/wp-content\\\/uploads\\\/2024\\\/06\\\/envase-20-litro-lubricante.png\",\"width\":450,\"height\":572},{\"@type\":\"BreadcrumbList\",\"@id\":\"https:\\\/\\\/kroneroil.com\\\/fr\\\/product\\\/vehicules-legers\\\/100-synthetiques\\\/kash-racing-c3-dexos-5w-30\\\/#breadcrumb\",\"itemListElement\":[{\"@type\":\"ListItem\",\"position\":1,\"name\":\"Portada\",\"item\":\"https:\\\/\\\/kroneroil.com\\\/fr\\\/\"},{\"@type\":\"ListItem\",\"position\":2,\"name\":\"Priv\u00e9\u00a0: Boutique\",\"item\":\"https:\\\/\\\/kroneroil.com\\\/fr\\\/?page_id=16657\"},{\"@type\":\"ListItem\",\"position\":3,\"name\":\"Kash Racing C3 DEXOS 5W-30\"}]},{\"@type\":\"WebSite\",\"@id\":\"https:\\\/\\\/kroneroil.com\\\/fr\\\/#website\",\"url\":\"https:\\\/\\\/kroneroil.com\\\/fr\\\/\",\"name\":\"Kroner Oil\",\"description\":\"Kroner site\",\"potentialAction\":[{\"@type\":\"SearchAction\",\"target\":{\"@type\":\"EntryPoint\",\"urlTemplate\":\"https:\\\/\\\/kroneroil.com\\\/fr\\\/?s={search_term_string}\"},\"query-input\":{\"@type\":\"PropertyValueSpecification\",\"valueRequired\":true,\"valueName\":\"search_term_string\"}}],\"inLanguage\":\"fr-FR\"}]}<\/script>\n<!-- \/ Yoast SEO plugin. -->","yoast_head_json":{"title":"Kash Racing C3 DEXOS 5W-30 - Kroner Oil","robots":{"index":"index","follow":"follow","max-snippet":"max-snippet:-1","max-image-preview":"max-image-preview:large","max-video-preview":"max-video-preview:-1"},"canonical":"https:\/\/kroneroil.com\/fr\/product\/vehicules-legers\/100-synthetiques\/kash-racing-c3-dexos-5w-30\/","og_locale":"fr_FR","og_type":"article","og_title":"Kash Racing C3 DEXOS 5W-30 - Kroner Oil","og_description":"Huile moteur enti\u00e8rement synth\u00e9tique de derni\u00e8re g\u00e9n\u00e9ration con\u00e7ue pour les moteurs \u00e0 essence et diesel, avec une tr\u00e8s faible viscosit\u00e9 et une \u00e9conomie de carburant \u00e9lev\u00e9e. Convient aux v\u00e9hicules \u00e9quip\u00e9s de filtres \u00e0 particules diesel (FAP) n\u00e9cessitant des lubrifiants \u00e0 faible viscosit\u00e9 et \u00ab Mid SAPS \u00bb.","og_url":"https:\/\/kroneroil.com\/fr\/product\/vehicules-legers\/100-synthetiques\/kash-racing-c3-dexos-5w-30\/","og_site_name":"Kroner Oil","article_modified_time":"2025-04-14T08:02:21+00:00","og_image":[{"width":450,"height":572,"url":"https:\/\/kroneroil.com\/wp-content\/uploads\/2024\/06\/envase-20-litro-lubricante.png","type":"image\/png"}],"twitter_card":"summary_large_image","twitter_misc":{"Dur\u00e9e de lecture estim\u00e9e":"1 minute"},"schema":{"@context":"https:\/\/schema.org","@graph":[{"@type":"WebPage","@id":"https:\/\/kroneroil.com\/fr\/product\/vehicules-legers\/100-synthetiques\/kash-racing-c3-dexos-5w-30\/","url":"https:\/\/kroneroil.com\/fr\/product\/vehicules-legers\/100-synthetiques\/kash-racing-c3-dexos-5w-30\/","name":"Kash Racing C3 DEXOS 5W-30 - Kroner Oil","isPartOf":{"@id":"https:\/\/kroneroil.com\/fr\/#website"},"primaryImageOfPage":{"@id":"https:\/\/kroneroil.com\/fr\/product\/vehicules-legers\/100-synthetiques\/kash-racing-c3-dexos-5w-30\/#primaryimage"},"image":{"@id":"https:\/\/kroneroil.com\/fr\/product\/vehicules-legers\/100-synthetiques\/kash-racing-c3-dexos-5w-30\/#primaryimage"},"thumbnailUrl":"https:\/\/kroneroil.com\/wp-content\/uploads\/2024\/06\/envase-20-litro-lubricante.png","datePublished":"2025-01-16T08:17:28+00:00","dateModified":"2025-04-14T08:02:21+00:00","breadcrumb":{"@id":"https:\/\/kroneroil.com\/fr\/product\/vehicules-legers\/100-synthetiques\/kash-racing-c3-dexos-5w-30\/#breadcrumb"},"inLanguage":"fr-FR","potentialAction":[{"@type":"ReadAction","target":["https:\/\/kroneroil.com\/fr\/product\/vehicules-legers\/100-synthetiques\/kash-racing-c3-dexos-5w-30\/"]}]},{"@type":"ImageObject","inLanguage":"fr-FR","@id":"https:\/\/kroneroil.com\/fr\/product\/vehicules-legers\/100-synthetiques\/kash-racing-c3-dexos-5w-30\/#primaryimage","url":"https:\/\/kroneroil.com\/wp-content\/uploads\/2024\/06\/envase-20-litro-lubricante.png","contentUrl":"https:\/\/kroneroil.com\/wp-content\/uploads\/2024\/06\/envase-20-litro-lubricante.png","width":450,"height":572},{"@type":"BreadcrumbList","@id":"https:\/\/kroneroil.com\/fr\/product\/vehicules-legers\/100-synthetiques\/kash-racing-c3-dexos-5w-30\/#breadcrumb","itemListElement":[{"@type":"ListItem","position":1,"name":"Portada","item":"https:\/\/kroneroil.com\/fr\/"},{"@type":"ListItem","position":2,"name":"Priv\u00e9\u00a0: Boutique","item":"https:\/\/kroneroil.com\/fr\/?page_id=16657"},{"@type":"ListItem","position":3,"name":"Kash Racing C3 DEXOS 5W-30"}]},{"@type":"WebSite","@id":"https:\/\/kroneroil.com\/fr\/#website","url":"https:\/\/kroneroil.com\/fr\/","name":"Kroner Oil","description":"Kroner site","potentialAction":[{"@type":"SearchAction","target":{"@type":"EntryPoint","urlTemplate":"https:\/\/kroneroil.com\/fr\/?s={search_term_string}"},"query-input":{"@type":"PropertyValueSpecification","valueRequired":true,"valueName":"search_term_string"}}],"inLanguage":"fr-FR"}]}},"_links":{"self":[{"href":"https:\/\/kroneroil.com\/fr\/wp-json\/wp\/v2\/product\/18434","targetHints":{"allow":["GET"]}}],"collection":[{"href":"https:\/\/kroneroil.com\/fr\/wp-json\/wp\/v2\/product"}],"about":[{"href":"https:\/\/kroneroil.com\/fr\/wp-json\/wp\/v2\/types\/product"}],"replies":[{"embeddable":true,"href":"https:\/\/kroneroil.com\/fr\/wp-json\/wp\/v2\/comments?post=18434"}],"version-history":[{"count":2,"href":"https:\/\/kroneroil.com\/fr\/wp-json\/wp\/v2\/product\/18434\/revisions"}],"predecessor-version":[{"id":19520,"href":"https:\/\/kroneroil.com\/fr\/wp-json\/wp\/v2\/product\/18434\/revisions\/19520"}],"wp:featuredmedia":[{"embeddable":true,"href":"https:\/\/kroneroil.com\/fr\/wp-json\/wp\/v2\/media\/15848"}],"wp:attachment":[{"href":"https:\/\/kroneroil.com\/fr\/wp-json\/wp\/v2\/media?parent=18434"}],"wp:term":[{"taxonomy":"product_brand","embeddable":true,"href":"https:\/\/kroneroil.com\/fr\/wp-json\/wp\/v2\/product_brand?post=18434"},{"taxonomy":"product_cat","embeddable":true,"href":"https:\/\/kroneroil.com\/fr\/wp-json\/wp\/v2\/product_cat?post=18434"},{"taxonomy":"product_tag","embeddable":true,"href":"https:\/\/kroneroil.com\/fr\/wp-json\/wp\/v2\/product_tag?post=18434"}],"curies":[{"name":"wp","href":"https:\/\/api.w.org\/{rel}","templated":true}]}}