{"id":17775,"date":"2024-10-21T12:39:58","date_gmt":"2024-10-21T12:39:58","guid":{"rendered":"https:\/\/kroneroil.com\/product\/sem%20categoria\/nilus-s-s-iii-40\/"},"modified":"2025-04-14T12:50:52","modified_gmt":"2025-04-14T12:50:52","slug":"nilus-s-s-iii-40","status":"publish","type":"product","link":"https:\/\/kroneroil.com\/pt-pt\/product\/veiculos-ligeiros\/minerais\/nilus-s-s-iii-40\/","title":{"rendered":"Nilus S.S III 40"},"content":{"rendered":"<p><!--DESCRIPCI\u00d3N CORTA M\u00d3VIL --><\/p>\n<h6><a href=\"https:\/\/kroneroil.com\/wp-content\/uploads\/2024\/10\/KRONER_NILUS_10W_30_40_50_p.pdf\" target=\"_blank\">DADOS T\u00c9CNICOS<\/a><\/h6>\n<h6><a href=\"https:\/\/kroneroil.com\/wp-content\/uploads\/2024\/10\/FDS_KRONER_NILUS_S.S_III_40_ES.pdf\" target=\"_blank\">FICHA DE DADOS DE SEGURAN\u00c7A<\/a><\/h6>\n","protected":false},"excerpt":{"rendered":"<p>Lubrificante mineral monograu para motores diesel recomendado para m\u00e1quinas pesadas (constru\u00e7\u00e3o, pedreiras, autocarros, tractores, cami\u00f5es) em condi\u00e7\u00f5es moderadas e com mudan\u00e7as de \u00f3leo frequentes.<\/p>\n","protected":false},"featured_media":16582,"comment_status":"open","ping_status":"closed","template":"","meta":{"_acf_changed":false},"product_brand":[],"product_cat":[438,534],"product_tag":[],"class_list":{"0":"post-17775","1":"product","2":"type-product","3":"status-publish","4":"has-post-thumbnail","6":"product_cat-veiculos-ligeiros","7":"product_cat-minerais","9":"first","10":"instock","11":"shipping-taxable","12":"product-type-simple"},"acf":[],"yoast_head":"<!-- This site is optimized with the Yoast SEO plugin v27.4 - https:\/\/yoast.com\/product\/yoast-seo-wordpress\/ -->\n<title>Nilus S.S III 40 - Kroner Oil<\/title>\n<meta name=\"robots\" content=\"index, follow, max-snippet:-1, max-image-preview:large, max-video-preview:-1\" \/>\n<link rel=\"canonical\" href=\"https:\/\/kroneroil.com\/pt-pt\/product\/veiculos-ligeiros\/minerais\/nilus-s-s-iii-40\/\" \/>\n<meta property=\"og:locale\" content=\"pt_PT\" \/>\n<meta property=\"og:type\" content=\"article\" \/>\n<meta property=\"og:title\" content=\"Nilus S.S III 40 - Kroner Oil\" \/>\n<meta property=\"og:description\" content=\"Lubrificante mineral monograu para motores diesel recomendado para m\u00e1quinas pesadas (constru\u00e7\u00e3o, pedreiras, autocarros, tractores, cami\u00f5es) em condi\u00e7\u00f5es moderadas e com mudan\u00e7as de \u00f3leo frequentes.\" \/>\n<meta property=\"og:url\" content=\"https:\/\/kroneroil.com\/pt-pt\/product\/veiculos-ligeiros\/minerais\/nilus-s-s-iii-40\/\" \/>\n<meta property=\"og:site_name\" content=\"Kroner Oil\" \/>\n<meta property=\"article:modified_time\" content=\"2025-04-14T12:50:52+00:00\" \/>\n<meta property=\"og:image\" content=\"https:\/\/kroneroil.com\/wp-content\/uploads\/2024\/08\/envase-20-litro-lubricante-e1743080277334.png\" \/>\n\t<meta property=\"og:image:width\" content=\"450\" \/>\n\t<meta property=\"og:image:height\" content=\"509\" \/>\n\t<meta property=\"og:image:type\" content=\"image\/png\" \/>\n<meta name=\"twitter:card\" content=\"summary_large_image\" \/>\n<meta name=\"twitter:label1\" content=\"Tempo estimado de leitura\" \/>\n\t<meta name=\"twitter:data1\" content=\"1 minuto\" \/>\n<script type=\"application\/ld+json\" class=\"yoast-schema-graph\">{\"@context\":\"https:\\\/\\\/schema.org\",\"@graph\":[{\"@type\":\"WebPage\",\"@id\":\"https:\\\/\\\/kroneroil.com\\\/pt-pt\\\/product\\\/veiculos-ligeiros\\\/minerais\\\/nilus-s-s-iii-40\\\/\",\"url\":\"https:\\\/\\\/kroneroil.com\\\/pt-pt\\\/product\\\/veiculos-ligeiros\\\/minerais\\\/nilus-s-s-iii-40\\\/\",\"name\":\"Nilus S.S III 40 - Kroner Oil\",\"isPartOf\":{\"@id\":\"https:\\\/\\\/kroneroil.com\\\/pt-pt\\\/#website\"},\"primaryImageOfPage\":{\"@id\":\"https:\\\/\\\/kroneroil.com\\\/pt-pt\\\/product\\\/veiculos-ligeiros\\\/minerais\\\/nilus-s-s-iii-40\\\/#primaryimage\"},\"image\":{\"@id\":\"https:\\\/\\\/kroneroil.com\\\/pt-pt\\\/product\\\/veiculos-ligeiros\\\/minerais\\\/nilus-s-s-iii-40\\\/#primaryimage\"},\"thumbnailUrl\":\"https:\\\/\\\/kroneroil.com\\\/wp-content\\\/uploads\\\/2024\\\/08\\\/envase-20-litro-lubricante-e1743080277334.png\",\"datePublished\":\"2024-10-21T12:39:58+00:00\",\"dateModified\":\"2025-04-14T12:50:52+00:00\",\"breadcrumb\":{\"@id\":\"https:\\\/\\\/kroneroil.com\\\/pt-pt\\\/product\\\/veiculos-ligeiros\\\/minerais\\\/nilus-s-s-iii-40\\\/#breadcrumb\"},\"inLanguage\":\"pt-PT\",\"potentialAction\":[{\"@type\":\"ReadAction\",\"target\":[\"https:\\\/\\\/kroneroil.com\\\/pt-pt\\\/product\\\/veiculos-ligeiros\\\/minerais\\\/nilus-s-s-iii-40\\\/\"]}]},{\"@type\":\"ImageObject\",\"inLanguage\":\"pt-PT\",\"@id\":\"https:\\\/\\\/kroneroil.com\\\/pt-pt\\\/product\\\/veiculos-ligeiros\\\/minerais\\\/nilus-s-s-iii-40\\\/#primaryimage\",\"url\":\"https:\\\/\\\/kroneroil.com\\\/wp-content\\\/uploads\\\/2024\\\/08\\\/envase-20-litro-lubricante-e1743080277334.png\",\"contentUrl\":\"https:\\\/\\\/kroneroil.com\\\/wp-content\\\/uploads\\\/2024\\\/08\\\/envase-20-litro-lubricante-e1743080277334.png\",\"width\":450,\"height\":509},{\"@type\":\"BreadcrumbList\",\"@id\":\"https:\\\/\\\/kroneroil.com\\\/pt-pt\\\/product\\\/veiculos-ligeiros\\\/minerais\\\/nilus-s-s-iii-40\\\/#breadcrumb\",\"itemListElement\":[{\"@type\":\"ListItem\",\"position\":1,\"name\":\"Portada\",\"item\":\"https:\\\/\\\/kroneroil.com\\\/pt-pt\\\/\"},{\"@type\":\"ListItem\",\"position\":2,\"name\":\"Privado: Tienda\",\"item\":\"https:\\\/\\\/kroneroil.com\\\/tienda\\\/\"},{\"@type\":\"ListItem\",\"position\":3,\"name\":\"Nilus S.S III 40\"}]},{\"@type\":\"WebSite\",\"@id\":\"https:\\\/\\\/kroneroil.com\\\/pt-pt\\\/#website\",\"url\":\"https:\\\/\\\/kroneroil.com\\\/pt-pt\\\/\",\"name\":\"Kroner Oil\",\"description\":\"Kroner site\",\"potentialAction\":[{\"@type\":\"SearchAction\",\"target\":{\"@type\":\"EntryPoint\",\"urlTemplate\":\"https:\\\/\\\/kroneroil.com\\\/pt-pt\\\/?s={search_term_string}\"},\"query-input\":{\"@type\":\"PropertyValueSpecification\",\"valueRequired\":true,\"valueName\":\"search_term_string\"}}],\"inLanguage\":\"pt-PT\"}]}<\/script>\n<!-- \/ Yoast SEO plugin. -->","yoast_head_json":{"title":"Nilus S.S III 40 - Kroner Oil","robots":{"index":"index","follow":"follow","max-snippet":"max-snippet:-1","max-image-preview":"max-image-preview:large","max-video-preview":"max-video-preview:-1"},"canonical":"https:\/\/kroneroil.com\/pt-pt\/product\/veiculos-ligeiros\/minerais\/nilus-s-s-iii-40\/","og_locale":"pt_PT","og_type":"article","og_title":"Nilus S.S III 40 - Kroner Oil","og_description":"Lubrificante mineral monograu para motores diesel recomendado para m\u00e1quinas pesadas (constru\u00e7\u00e3o, pedreiras, autocarros, tractores, cami\u00f5es) em condi\u00e7\u00f5es moderadas e com mudan\u00e7as de \u00f3leo frequentes.","og_url":"https:\/\/kroneroil.com\/pt-pt\/product\/veiculos-ligeiros\/minerais\/nilus-s-s-iii-40\/","og_site_name":"Kroner Oil","article_modified_time":"2025-04-14T12:50:52+00:00","og_image":[{"width":450,"height":509,"url":"https:\/\/kroneroil.com\/wp-content\/uploads\/2024\/08\/envase-20-litro-lubricante-e1743080277334.png","type":"image\/png"}],"twitter_card":"summary_large_image","twitter_misc":{"Tempo estimado de leitura":"1 minuto"},"schema":{"@context":"https:\/\/schema.org","@graph":[{"@type":"WebPage","@id":"https:\/\/kroneroil.com\/pt-pt\/product\/veiculos-ligeiros\/minerais\/nilus-s-s-iii-40\/","url":"https:\/\/kroneroil.com\/pt-pt\/product\/veiculos-ligeiros\/minerais\/nilus-s-s-iii-40\/","name":"Nilus S.S III 40 - Kroner Oil","isPartOf":{"@id":"https:\/\/kroneroil.com\/pt-pt\/#website"},"primaryImageOfPage":{"@id":"https:\/\/kroneroil.com\/pt-pt\/product\/veiculos-ligeiros\/minerais\/nilus-s-s-iii-40\/#primaryimage"},"image":{"@id":"https:\/\/kroneroil.com\/pt-pt\/product\/veiculos-ligeiros\/minerais\/nilus-s-s-iii-40\/#primaryimage"},"thumbnailUrl":"https:\/\/kroneroil.com\/wp-content\/uploads\/2024\/08\/envase-20-litro-lubricante-e1743080277334.png","datePublished":"2024-10-21T12:39:58+00:00","dateModified":"2025-04-14T12:50:52+00:00","breadcrumb":{"@id":"https:\/\/kroneroil.com\/pt-pt\/product\/veiculos-ligeiros\/minerais\/nilus-s-s-iii-40\/#breadcrumb"},"inLanguage":"pt-PT","potentialAction":[{"@type":"ReadAction","target":["https:\/\/kroneroil.com\/pt-pt\/product\/veiculos-ligeiros\/minerais\/nilus-s-s-iii-40\/"]}]},{"@type":"ImageObject","inLanguage":"pt-PT","@id":"https:\/\/kroneroil.com\/pt-pt\/product\/veiculos-ligeiros\/minerais\/nilus-s-s-iii-40\/#primaryimage","url":"https:\/\/kroneroil.com\/wp-content\/uploads\/2024\/08\/envase-20-litro-lubricante-e1743080277334.png","contentUrl":"https:\/\/kroneroil.com\/wp-content\/uploads\/2024\/08\/envase-20-litro-lubricante-e1743080277334.png","width":450,"height":509},{"@type":"BreadcrumbList","@id":"https:\/\/kroneroil.com\/pt-pt\/product\/veiculos-ligeiros\/minerais\/nilus-s-s-iii-40\/#breadcrumb","itemListElement":[{"@type":"ListItem","position":1,"name":"Portada","item":"https:\/\/kroneroil.com\/pt-pt\/"},{"@type":"ListItem","position":2,"name":"Privado: Tienda","item":"https:\/\/kroneroil.com\/tienda\/"},{"@type":"ListItem","position":3,"name":"Nilus S.S III 40"}]},{"@type":"WebSite","@id":"https:\/\/kroneroil.com\/pt-pt\/#website","url":"https:\/\/kroneroil.com\/pt-pt\/","name":"Kroner Oil","description":"Kroner site","potentialAction":[{"@type":"SearchAction","target":{"@type":"EntryPoint","urlTemplate":"https:\/\/kroneroil.com\/pt-pt\/?s={search_term_string}"},"query-input":{"@type":"PropertyValueSpecification","valueRequired":true,"valueName":"search_term_string"}}],"inLanguage":"pt-PT"}]}},"_links":{"self":[{"href":"https:\/\/kroneroil.com\/pt-pt\/wp-json\/wp\/v2\/product\/17775","targetHints":{"allow":["GET"]}}],"collection":[{"href":"https:\/\/kroneroil.com\/pt-pt\/wp-json\/wp\/v2\/product"}],"about":[{"href":"https:\/\/kroneroil.com\/pt-pt\/wp-json\/wp\/v2\/types\/product"}],"replies":[{"embeddable":true,"href":"https:\/\/kroneroil.com\/pt-pt\/wp-json\/wp\/v2\/comments?post=17775"}],"version-history":[{"count":2,"href":"https:\/\/kroneroil.com\/pt-pt\/wp-json\/wp\/v2\/product\/17775\/revisions"}],"predecessor-version":[{"id":19643,"href":"https:\/\/kroneroil.com\/pt-pt\/wp-json\/wp\/v2\/product\/17775\/revisions\/19643"}],"wp:featuredmedia":[{"embeddable":true,"href":"https:\/\/kroneroil.com\/pt-pt\/wp-json\/wp\/v2\/media\/16582"}],"wp:attachment":[{"href":"https:\/\/kroneroil.com\/pt-pt\/wp-json\/wp\/v2\/media?parent=17775"}],"wp:term":[{"taxonomy":"product_brand","embeddable":true,"href":"https:\/\/kroneroil.com\/pt-pt\/wp-json\/wp\/v2\/product_brand?post=17775"},{"taxonomy":"product_cat","embeddable":true,"href":"https:\/\/kroneroil.com\/pt-pt\/wp-json\/wp\/v2\/product_cat?post=17775"},{"taxonomy":"product_tag","embeddable":true,"href":"https:\/\/kroneroil.com\/pt-pt\/wp-json\/wp\/v2\/product_tag?post=17775"}],"curies":[{"name":"wp","href":"https:\/\/api.w.org\/{rel}","templated":true}]}}